{"id":660,"date":"2024-11-05T09:32:35","date_gmt":"2024-11-05T09:32:35","guid":{"rendered":"https:\/\/hashtagbildung.at\/?page_id=660"},"modified":"2024-11-05T12:08:56","modified_gmt":"2024-11-05T12:08:56","slug":"datenschutz","status":"publish","type":"page","link":"https:\/\/hashtagbildung.at\/index.php\/datenschutz\/","title":{"rendered":"Datenschutz"},"content":{"rendered":"\n<h2 class=\"wp-block-heading has-ast-global-color-0-color has-text-color has-link-color wp-elements-d9a3fc655157e243ffe031b3601e56b1\">Datenschutz<\/h2>\n\n\n\n<p>Der Schutz Ihrer pers\u00f6nlichen Daten ist uns ein besonderes Anliegen. Wir verarbeiten Ihre Daten daher ausschlie\u00dflich auf Grundlage der gesetzlichen Bestimmungen (DSGVO, TKG 2003). In diesen Datenschutzinformationen informieren wir Sie \u00fcber die wichtigsten Aspekte der Datenverarbeitung im Rahmen unserer Website.<\/p>\n\n\n\n<p><strong>Kontakt mit uns:<\/strong><br>Wenn Sie per Formular auf der Website oder per E-Mail Kontakt mit uns aufnehmen, werden Ihre angegebenen Daten zwecks Bearbeitung der Anfrage und f\u00fcr den Fall von Anschlussfragen sechs Monate bei uns gespeichert. Diese Daten geben wir nicht ohne Ihre Einwilligung weiter.<\/p>\n\n\n\n<p><strong>Verarbeitung Ihrer personenbezogenen Daten:<\/strong><br>Soweit Sie personenbezogene Daten zur Verf\u00fcgung gestellt haben, verwenden wir diese nur zur Beantwortung Ihrer Anfragen bzw. zur Bereitstellung der von Ihnen angeforderten Services. Eine Weitergabe an Dritte erfolgt nur, wenn dies zur Serviceleistung objektiv erforderlich ist (z.B. zur Durchf\u00fchrung einer Zustellung per Post).<\/p>\n\n\n\n<p>Bei einzelnen journalistischen Beitr\u00e4gen kann es vorkommen, dass personenbezogene Daten ver\u00f6ffentlicht werden. Die von den betreffenden Personen, Institutionen und Organisationen daf\u00fcr bereitgestellten Daten sind zu Informations- und journalistischen Zwecken erforderlich. Die Datenverarbeitung erfolgt auf Basis der gesetzlichen Bestimmungen des \u00a7 96 Abs 3 TKG sowie des Art 6 Abs 1 lit a (Einwilligung) und\/oder lit b (notwendig zur Vertragserf\u00fcllung) der DSGVO bzw. ist durch den \u201eMedienprivileg\u201d nicht Teil der DSGVO.<\/p>\n\n\n\n<p><strong>Aufbewahrung:<\/strong><br>Ihre Daten werden nur solange aufbewahrt, wie die f\u00fcr die Erbringung unserer Leistungen erforderlich ist bzw. eine Aufbewahrung erlaubt ist.<\/p>\n\n\n\n<p>Die L\u00f6schung der gespeicherten personenbezogenen Daten erfolgt, wenn Sie Ihre Einwilligung zur Speicherung widerrufen, wenn ihre Kenntnis zur Erf\u00fcllung des mit der Speicherung verfolgten Zwecks nicht mehr erforderlich ist oder wenn ihre Speicherung aus sonstigen gesetzlichen Gr\u00fcnden nicht mehr zul\u00e4ssig ist.<\/p>\n\n\n\n<p><strong>Sicherheit:<\/strong><br>Wir treffen technische und organisatorische Sicherheitsvorkehrungen, um Ihre durch uns verwalteten, personenbezogenen Daten gegen zuf\u00e4llige oder vors\u00e4tzliche Manipulationen, Verlust, Zerst\u00f6rung oder gegen den Zugriff unberechtigter Personen zu sch\u00fctzen. Unsere Datenverarbeitung und unsere Sicherheitsma\u00dfnahmen werden entsprechend der technologischen Entwicklung fortlaufend aktualisiert.<\/p>\n\n\n\n<p>Unsere MitarbeiterInnen sind in Bezug auf ihre Verschwiegenheitspflichten (\u00a7 15 DSG \u2013 Datengeheimnis) umfassend instruiert.<\/p>\n\n\n\n<p><strong>Cookies:<\/strong><br>Unsere Website verwendet so genannte Cookies. Das sind kleine Textdateien, die mit Hilfe des Browsers auf Ihrem Endger\u00e4t abgelegt werden. Sie richten keinen Schaden an. Wir nutzen Cookies dazu, unser Angebot nutzerfreundlich zu gestalten. Einige Cookies bleiben auf Ihrem Endger\u00e4t gespeichert, bis Sie diese l\u00f6schen. Sie erm\u00f6glichen es uns, Ihren Browser beim n\u00e4chsten Besuch wiederzuerkennen. Wenn Sie dies nicht w\u00fcnschen, so k\u00f6nnen Sie Ihren Browser so einrichten, dass er Sie \u00fcber das Setzen von Cookies informiert und Sie dies nur im Einzelfall erlauben. Bei der Deaktivierung von Cookies kann die Funktionalit\u00e4t unserer Website eingeschr\u00e4nkt sein.<\/p>\n\n\n\n<p><strong>Newsletter:<\/strong><br>Sie haben die M\u00f6glichkeit, \u00fcber unsere Website unseren Newsletter zu abonnieren. Hierf\u00fcr ben\u00f6tigen wir Ihre E-Mail-Adresse und Ihre Erkl\u00e4rung, dass Sie mit dem Bezug des Newsletters einverstanden sind.<br>Sobald Sie sich f\u00fcr den Newsletter angemeldet haben, senden wir Ihnen ein Best\u00e4tigungs-E-Mail mit einem Link zur Best\u00e4tigung der Anmeldung.<br>Das Abo des Newsletters k\u00f6nnen Sie jederzeit stornieren. Senden Sie Ihre Stornierung bitte an folgende E-Mail-Adresse: <a href=\"mailto:office@bildungsagentur.at\">office@bildungsagentur.at<\/a>. Diese E-Mail-Adresse ist vor Spambots gesch\u00fctzt! Zur Anzeige muss JavaScript eingeschaltet sein!. Wir l\u00f6schen anschlie\u00dfend umgehend Ihre Daten im Zusammenhang mit dem Newsletter-Versand.<\/p>\n\n\n\n<p><strong>Links:<\/strong><br>Sofern wir auf unserer Website mit Hilfe von Links auf Internetseiten verweisen, die nicht von uns betrieben werden, sind wir f\u00fcr die Einhaltung von Datenschutzbestimmungen auf diesen Internetseiten nicht verantwortlich.<\/p>\n\n\n\n<p><strong>Auskunft und Widerruf von Einwilligungen:<\/strong><br>Ihnen stehen grunds\u00e4tzlich die Rechte auf Auskunft, Berichtigung, L\u00f6schung, Einschr\u00e4nkung, Daten\u00fcbertragbarkeit, Widerruf und Widerspruch zu. Wir erteilen Ihnen jederzeit unentgeltlich und unverz\u00fcglich Auskunft \u00fcber die zu Ihrer Person gespeicherten Daten. Auch wenn Sie die Berichtigung, Sperrung oder L\u00f6schung Ihrer Daten w\u00fcnschen bzw. Fragen oder Anregungen zum Thema Datenschutz haben, stehen wir Ihnen gerne zur Verf\u00fcgung.<\/p>\n\n\n\n<p>Allenfalls erteilte Einwilligungen zur Erhebung, Verarbeitung und\/oder Nutzung Ihrer personenbezogenen Daten k\u00f6nnen Sie jederzeit mit Wirkung f\u00fcr die Zukunft widerrufen. Von der L\u00f6schung ausgenommen sind ausschlie\u00dflich die Daten, die wir zur Abwicklung noch ausstehender Aufgaben oder zur Durchsetzung unserer Rechte ben\u00f6tigen, sowie Daten, die wir nach gesetzlicher Ma\u00dfgabe aufbewahren m\u00fcssen.<\/p>\n\n\n\n<p><strong>Sie erreichen uns unter folgenden Kontaktdaten:<\/strong><br>Bildungsagentur Content Pool GmbH<br>Liebhartsgasse 7\/5-7<br>1160 Wien<br>E-Mail: <a href=\"mailto:office@bildungsagentur.at\">office@bildungsagentur.at<\/a><\/p>\n\n\n\n<p>Stand: November 2024<\/p>\n","protected":false},"excerpt":{"rendered":"<p>Datenschutz Der Schutz Ihrer pers\u00f6nlichen Daten ist uns ein besonderes Anliegen. Wir verarbeiten Ihre Daten daher ausschlie\u00dflich auf Grundlage der [&hellip;]<\/p>\n","protected":false},"author":2,"featured_media":0,"parent":0,"menu_order":0,"comment_status":"closed","ping_status":"closed","template":"","meta":{"site-sidebar-layout":"default","site-content-layout":"","ast-site-content-layout":"","site-content-style":"default","site-sidebar-style":"default","ast-global-header-display":"","ast-banner-title-visibility":"","ast-main-header-display":"","ast-hfb-above-header-display":"","ast-hfb-below-header-display":"","ast-hfb-mobile-header-display":"","site-post-title":"disabled","ast-breadcrumbs-content":"","ast-featured-img":"","footer-sml-layout":"","theme-transparent-header-meta":"","adv-header-id-meta":"","stick-header-meta":"","header-above-stick-meta":"","header-main-stick-meta":"","header-below-stick-meta":"","astra-migrate-meta-layouts":"default","ast-page-background-enabled":"default","ast-page-background-meta":{"desktop":{"background-color":"var(--ast-global-color-4)","background-image":"","background-repeat":"repeat","background-position":"center center","background-size":"auto","background-attachment":"scroll","background-type":"","background-media":"","overlay-type":"","overlay-color":"","overlay-opacity":"","overlay-gradient":""},"tablet":{"background-color":"","background-image":"","background-repeat":"repeat","background-position":"center center","background-size":"auto","background-attachment":"scroll","background-type":"","background-media":"","overlay-type":"","overlay-color":"","overlay-opacity":"","overlay-gradient":""},"mobile":{"background-color":"","background-image":"","background-repeat":"repeat","background-position":"center center","background-size":"auto","background-attachment":"scroll","background-type":"","background-media":"","overlay-type":"","overlay-color":"","overlay-opacity":"","overlay-gradient":""}},"ast-content-background-meta":{"desktop":{"background-color":"var(--ast-global-color-5)","background-image":"","background-repeat":"repeat","background-position":"center center","background-size":"auto","background-attachment":"scroll","background-type":"","background-media":"","overlay-type":"","overlay-color":"","overlay-opacity":"","overlay-gradient":""},"tablet":{"background-color":"var(--ast-global-color-5)","background-image":"","background-repeat":"repeat","background-position":"center center","background-size":"auto","background-attachment":"scroll","background-type":"","background-media":"","overlay-type":"","overlay-color":"","overlay-opacity":"","overlay-gradient":""},"mobile":{"background-color":"var(--ast-global-color-5)","background-image":"","background-repeat":"repeat","background-position":"center center","background-size":"auto","background-attachment":"scroll","background-type":"","background-media":"","overlay-type":"","overlay-color":"","overlay-opacity":"","overlay-gradient":""}},"footnotes":""},"class_list":["post-660","page","type-page","status-publish","hentry"],"_links":{"self":[{"href":"https:\/\/hashtagbildung.at\/index.php\/wp-json\/wp\/v2\/pages\/660","targetHints":{"allow":["GET"]}}],"collection":[{"href":"https:\/\/hashtagbildung.at\/index.php\/wp-json\/wp\/v2\/pages"}],"about":[{"href":"https:\/\/hashtagbildung.at\/index.php\/wp-json\/wp\/v2\/types\/page"}],"author":[{"embeddable":true,"href":"https:\/\/hashtagbildung.at\/index.php\/wp-json\/wp\/v2\/users\/2"}],"replies":[{"embeddable":true,"href":"https:\/\/hashtagbildung.at\/index.php\/wp-json\/wp\/v2\/comments?post=660"}],"version-history":[{"count":3,"href":"https:\/\/hashtagbildung.at\/index.php\/wp-json\/wp\/v2\/pages\/660\/revisions"}],"predecessor-version":[{"id":713,"href":"https:\/\/hashtagbildung.at\/index.php\/wp-json\/wp\/v2\/pages\/660\/revisions\/713"}],"wp:attachment":[{"href":"https:\/\/hashtagbildung.at\/index.php\/wp-json\/wp\/v2\/media?parent=660"}],"curies":[{"name":"wp","href":"https:\/\/api.w.org\/{rel}","templated":true}]}}