{"id":662,"date":"2024-11-05T09:35:30","date_gmt":"2024-11-05T09:35:30","guid":{"rendered":"https:\/\/hashtagbildung.at\/?page_id=662"},"modified":"2024-11-05T09:35:30","modified_gmt":"2024-11-05T09:35:30","slug":"impressum","status":"publish","type":"page","link":"https:\/\/hashtagbildung.at\/index.php\/impressum\/","title":{"rendered":"Impressum"},"content":{"rendered":"\n<h2 class=\"wp-block-heading has-ast-global-color-0-color has-text-color has-link-color wp-elements-e35ece7a90af80c542fef89428e7ef06\">Impressum<\/h2>\n\n\n\n<p>Redaktion &amp; Medieninhaber:<\/p>\n\n\n\n<p><strong>Bildungsagentur Content Pool GmbH.<\/strong><br>Liebhartsgasse 7\/5-7<br>A-1160 Wien<br>Tel.:&nbsp; +43 1 49 333 41&nbsp; &nbsp; &nbsp;&nbsp;<br>Fax: +43 1 49 333 41 10<br>E-Mail: <a href=\"mailto:%3Ca%20href=\"><\/a><a href=\"mailto:office@bildungsagentur.at\">office@bildungsagentur.at<\/a><\/p>\n\n\n\n<p>Firmenbuchnr.: FN245161G<br>UID-Nr.: ATU57778756<\/p>\n\n\n\n<p>Kammerzugeh\u00f6rigkeit: Wirtschaftskammer Wien, Fachgruppe Verlag<\/p>\n\n\n\n<p>Der Medieninhaber \u00fcbernimmt keine Gew\u00e4hr f\u00fcr die Authentizit\u00e4t, Richtigkeit, Vollst\u00e4ndigkeit der auf dieser Webseite zur Verf\u00fcgung gestellten Informationen. Es wird auch keine Gew\u00e4hr f\u00fcr die Verf\u00fcgbarkeit oder den Betrieb der gegenst\u00e4ndlichen Homepage und ihrer Inhalte \u00fcbernommen.<\/p>\n\n\n\n<p>Jede Haftung f\u00fcr unmittelbare, mittelbare oder sonstige Sch\u00e4den, unabh\u00e4ngig von deren Ursachen, die aus der Benutzung oder Nichtverf\u00fcgbarkeit der Daten und Informationen dieser Webseite erwachsen, wird, soweit rechtlich zul\u00e4ssig, ausgeschlossen.<\/p>\n\n\n\n<p>Der Inhalt dieser Webseite ist urheberrechtlich gesch\u00fctzt. Die Informationen sind nur f\u00fcr die pers\u00f6nliche Verwendung bestimmt. Jede weitergehende Nutzung insbesondere die Speicherung in Datenbanken, Vervielf\u00e4ltigung und jede Form von gewerblicher Nutzung sowie die Weitergabe an Dritte \u2013 auch in Teilen oder in \u00fcberarbeiteter Form \u2013 ohne Zustimmung des Medieninhabers ist untersagt.<\/p>\n\n\n\n<p>Hyperlinks auf diese Webseite sind erw\u00fcnscht.<\/p>\n\n\n\n<p>Unser Angebot enth\u00e4lt Links zu externen Websites Dritter, auf deren Inhalte wir keinen Einfluss haben. Deshalb k\u00f6nnen wir f\u00fcr diese fremden Inhalte auch keine Gew\u00e4hr \u00fcbernehmen. F\u00fcr die Inhalte der verlinkten Seiten ist der jeweilige Anbieter oder Betreiber der Seiten verantwortlich.<br>Die verlinkten Seiten wurden zum Zeitpunkt der Verlinkung auf m\u00f6gliche Rechtsverst\u00f6\u00dfe \u00fcberpr\u00fcft. Rechtswidrige Inhalte waren zum Zeitpunkt der Verlinkung nicht erkennbar.<br>Eine permanente inhaltliche Kontrolle der verlinkten Seiten ist ohne konkrete Anhaltspunkte einer Rechtsverletzung nicht zumutbar. Bei Bekanntwerden von Rechtsverletzungen werden wir derartige Links umgehend entfernen.<\/p>\n","protected":false},"excerpt":{"rendered":"<p>Impressum Redaktion &amp; Medieninhaber: Bildungsagentur Content Pool GmbH.Liebhartsgasse 7\/5-7A-1160 WienTel.:&nbsp; +43 1 49 333 41&nbsp; &nbsp; &nbsp;&nbsp;Fax: +43 1 49 [&hellip;]<\/p>\n","protected":false},"author":2,"featured_media":0,"parent":0,"menu_order":0,"comment_status":"closed","ping_status":"closed","template":"","meta":{"site-sidebar-layout":"default","site-content-layout":"","ast-site-content-layout":"","site-content-style":"default","site-sidebar-style":"default","ast-global-header-display":"","ast-banner-title-visibility":"","ast-main-header-display":"","ast-hfb-above-header-display":"","ast-hfb-below-header-display":"","ast-hfb-mobile-header-display":"","site-post-title":"disabled","ast-breadcrumbs-content":"","ast-featured-img":"","footer-sml-layout":"","theme-transparent-header-meta":"","adv-header-id-meta":"","stick-header-meta":"","header-above-stick-meta":"","header-main-stick-meta":"","header-below-stick-meta":"","astra-migrate-meta-layouts":"default","ast-page-background-enabled":"default","ast-page-background-meta":{"desktop":{"background-color":"var(--ast-global-color-4)","background-image":"","background-repeat":"repeat","background-position":"center center","background-size":"auto","background-attachment":"scroll","background-type":"","background-media":"","overlay-type":"","overlay-color":"","overlay-opacity":"","overlay-gradient":""},"tablet":{"background-color":"","background-image":"","background-repeat":"repeat","background-position":"center center","background-size":"auto","background-attachment":"scroll","background-type":"","background-media":"","overlay-type":"","overlay-color":"","overlay-opacity":"","overlay-gradient":""},"mobile":{"background-color":"","background-image":"","background-repeat":"repeat","background-position":"center center","background-size":"auto","background-attachment":"scroll","background-type":"","background-media":"","overlay-type":"","overlay-color":"","overlay-opacity":"","overlay-gradient":""}},"ast-content-background-meta":{"desktop":{"background-color":"var(--ast-global-color-5)","background-image":"","background-repeat":"repeat","background-position":"center center","background-size":"auto","background-attachment":"scroll","background-type":"","background-media":"","overlay-type":"","overlay-color":"","overlay-opacity":"","overlay-gradient":""},"tablet":{"background-color":"var(--ast-global-color-5)","background-image":"","background-repeat":"repeat","background-position":"center center","background-size":"auto","background-attachment":"scroll","background-type":"","background-media":"","overlay-type":"","overlay-color":"","overlay-opacity":"","overlay-gradient":""},"mobile":{"background-color":"var(--ast-global-color-5)","background-image":"","background-repeat":"repeat","background-position":"center center","background-size":"auto","background-attachment":"scroll","background-type":"","background-media":"","overlay-type":"","overlay-color":"","overlay-opacity":"","overlay-gradient":""}},"footnotes":""},"class_list":["post-662","page","type-page","status-publish","hentry"],"_links":{"self":[{"href":"https:\/\/hashtagbildung.at\/index.php\/wp-json\/wp\/v2\/pages\/662","targetHints":{"allow":["GET"]}}],"collection":[{"href":"https:\/\/hashtagbildung.at\/index.php\/wp-json\/wp\/v2\/pages"}],"about":[{"href":"https:\/\/hashtagbildung.at\/index.php\/wp-json\/wp\/v2\/types\/page"}],"author":[{"embeddable":true,"href":"https:\/\/hashtagbildung.at\/index.php\/wp-json\/wp\/v2\/users\/2"}],"replies":[{"embeddable":true,"href":"https:\/\/hashtagbildung.at\/index.php\/wp-json\/wp\/v2\/comments?post=662"}],"version-history":[{"count":1,"href":"https:\/\/hashtagbildung.at\/index.php\/wp-json\/wp\/v2\/pages\/662\/revisions"}],"predecessor-version":[{"id":663,"href":"https:\/\/hashtagbildung.at\/index.php\/wp-json\/wp\/v2\/pages\/662\/revisions\/663"}],"wp:attachment":[{"href":"https:\/\/hashtagbildung.at\/index.php\/wp-json\/wp\/v2\/media?parent=662"}],"curies":[{"name":"wp","href":"https:\/\/api.w.org\/{rel}","templated":true}]}}